{"id":2,"date":"2025-05-10T18:17:21","date_gmt":"2025-05-10T15:17:21","guid":{"rendered":"http:\/\/techtoliarobotics.com.tr\/?page_id=2"},"modified":"2025-05-10T20:32:49","modified_gmt":"2025-05-10T17:32:49","slug":"hakkimizda","status":"publish","type":"page","link":"https:\/\/techtoliarobotics.com.tr\/?page_id=2","title":{"rendered":""},"content":{"rendered":"\n<hr class=\"wp-block-separator has-alpha-channel-opacity\"\/>\n\n\n<h1 style=\"text-align: center;\" data-start=\"102\" data-end=\"525\">Hakk\u0131m\u0131zda<\/h1>\n<p data-start=\"102\" data-end=\"525\"><strong data-start=\"102\" data-end=\"124\"><span class=\"_fadeIn_m1hgl_8\">Techtolia <\/span><span class=\"_fadeIn_m1hgl_8\">Robotics<\/span><\/strong><span class=\"_fadeIn_m1hgl_8\">, <\/span><span class=\"_fadeIn_m1hgl_8\">2018 <\/span><span class=\"_fadeIn_m1hgl_8\">y\u0131l\u0131nda <\/span><span class=\"_fadeIn_m1hgl_8\">\u0130stanbul <\/span><span class=\"_fadeIn_m1hgl_8\">Tenzile <\/span><span class=\"_fadeIn_m1hgl_8\">Erdo\u011fan <\/span><span class=\"_fadeIn_m1hgl_8\">K\u0131z <\/span><span class=\"_fadeIn_m1hgl_8\">Anadolu <\/span><span class=\"_fadeIn_m1hgl_8\">\u0130mam <\/span><span class=\"_fadeIn_m1hgl_8\">Hatip <\/span><span class=\"_fadeIn_m1hgl_8\">Lisesi <\/span><span class=\"_fadeIn_m1hgl_8\">\u00f6\u011frencileri <\/span><span class=\"_fadeIn_m1hgl_8\">taraf\u0131ndan <\/span><span class=\"_fadeIn_m1hgl_8\">kurulan, <\/span><span class=\"_fadeIn_m1hgl_8\">tamamen <\/span><span class=\"_fadeIn_m1hgl_8\">k\u0131zlardan <\/span><span class=\"_fadeIn_m1hgl_8\">olu\u015fan <\/span><span class=\"_fadeIn_m1hgl_8\">bir <\/span><span class=\"_fadeIn_m1hgl_8\">robotik <\/span><span class=\"_fadeIn_m1hgl_8\">tak\u0131m\u0131d\u0131r. <\/span><span class=\"_fadeIn_m1hgl_8\">Tak\u0131m\u0131m\u0131z, <\/span><span class=\"_fadeIn_m1hgl_8\">teknolojiye <\/span><span class=\"_fadeIn_m1hgl_8\">olan <\/span><span class=\"_fadeIn_m1hgl_8\">tutkusuyla <\/span><span class=\"_fadeIn_m1hgl_8\">bilim, <\/span><span class=\"_fadeIn_m1hgl_8\">m\u00fchendislik <\/span><span class=\"_fadeIn_m1hgl_8\">ve <\/span><span class=\"_fadeIn_m1hgl_8\">matematik <\/span><span class=\"_fadeIn_m1hgl_8\">alanlar\u0131nda <\/span><span class=\"_fadeIn_m1hgl_8\">kariyer <\/span><span class=\"_fadeIn_m1hgl_8\">yapmay\u0131 <\/span><span class=\"_fadeIn_m1hgl_8\">hedefleyen <\/span><span class=\"_fadeIn_m1hgl_8\">gen\u00e7 <\/span><span class=\"_fadeIn_m1hgl_8\">k\u0131zlardan <\/span><span class=\"_fadeIn_m1hgl_8\">olu\u015fuyor. <\/span><span class=\"_fadeIn_m1hgl_8\">Biz, <\/span><span class=\"_fadeIn_m1hgl_8\">sadece <\/span><span class=\"_fadeIn_m1hgl_8\">robot <\/span><span class=\"_fadeIn_m1hgl_8\">yapmay\u0131 <\/span><span class=\"_fadeIn_m1hgl_8\">de\u011fil, <\/span><span class=\"_fadeIn_m1hgl_8\">ayn\u0131 <\/span><span class=\"_fadeIn_m1hgl_8\">zamanda <\/span><span class=\"_fadeIn_m1hgl_8\">bu <\/span><span class=\"_fadeIn_m1hgl_8\">alanlarda <\/span><span class=\"_fadeIn_m1hgl_8\">kendimizi <\/span><span class=\"_fadeIn_m1hgl_8\">geli\u015ftirerek <\/span><span class=\"_fadeIn_m1hgl_8\">topluma <\/span><span class=\"_fadeIn_m1hgl_8\">ilham <\/span><span class=\"_fadeIn_m1hgl_8\">vermeyi <\/span><span class=\"_fadeIn_m1hgl_8\">ama\u00e7l\u0131yoruz.<\/span><\/p>\n\n\n<div style=\"height:100px\" aria-hidden=\"true\" class=\"wp-block-spacer\"><\/div>\n\n\n\n<div class=\"wp-block-columns is-layout-flex wp-container-core-columns-is-layout-28f84493 wp-block-columns-is-layout-flex\">\n<div class=\"wp-block-column is-layout-flow wp-block-column-is-layout-flow\">\n<div class=\"wp-block-group is-nowrap is-layout-flex wp-container-core-group-is-layout-6c531013 wp-block-group-is-layout-flex\">\n<hr class=\"wp-block-separator has-alpha-channel-opacity\"\/>\n\n\n\n<h2 class=\"wp-block-heading\">Misyonumuz<\/h2>\n<\/div>\n\n\n\n<hr class=\"wp-block-separator has-alpha-channel-opacity\"\/>\n\n\n\n<p>     <strong>Techtolia Robotics<\/strong>\u2019in misyonu, lise \u00e7a\u011f\u0131ndaki gen\u00e7 k\u0131zlara STEM alanlar\u0131nda ilham verici bir    yolculuk sunmak; onlar\u0131 yar\u0131n\u0131n m\u00fchendislerine, liderlerine ve topluma de\u011fer katan bireylerine d\u00f6n\u00fc\u015ft\u00fcrmektir. Bu do\u011frultuda;<\/p>\n\n\n\n<ul class=\"wp-block-list\">\n<li>FRC (First Robotics Competition) gibi uluslararas\u0131 platformlarda \u00fclkemizi ve kad\u0131n m\u00fchendis adaylar\u0131n\u0131 en iyi \u015fekilde temsil ediyoruz.<\/li>\n\n\n\n<li>Toplum hizmeti projeleri geli\u015ftiriyor, yaln\u0131zca teknik de\u011fil sosyal alanda da sorumluluk \u00fcstleniyoruz.<\/li>\n\n\n\n<li>K\u00fc\u00e7\u00fck ya\u015f gruplar\u0131na y\u00f6nelik at\u00f6lyeler, sunumlar ve e\u011fitimler d\u00fczenleyerek STEM\u2019i daha ula\u015f\u0131labilir ve kapsay\u0131c\u0131 hale getiriyoruz.<\/li>\n\n\n\n<li>Tak\u0131m i\u00e7i i\u015f birli\u011fi, liderlik ve yarat\u0131c\u0131 d\u00fc\u015f\u00fcnme gibi 21. y\u00fczy\u0131l becerilerini geli\u015ftirerek her \u00fcyemizin potansiyelini ortaya \u00e7\u0131karmaya \u00e7al\u0131\u015f\u0131yoruz.<\/li>\n\n\n\n<li>Geli\u015ftirdi\u011fimiz robot projeleriyle yaln\u0131zca bir problemi \u00e7\u00f6zmekle kalmay\u0131p, \u00e7\u00f6z\u00fcm s\u00fcrecine insani de\u011ferleri de entegre etmeye \u00f6zen g\u00f6steriyoruz.<\/li>\n<\/ul>\n\n\n\n<p>Misyonumuz, sadece ba\u015far\u0131 kazanmak de\u011fil; bu ba\u015far\u0131y\u0131 anlaml\u0131, etik ve topluma katk\u0131 sa\u011flayacak \u015fekilde in\u015fa etmektir. <strong>Techtolia Robotics<\/strong>, STEM\u2019de \u00e7e\u015fitlili\u011fi, kapsay\u0131c\u0131l\u0131\u011f\u0131 ve s\u00fcreklili\u011fi savunan bir e\u011fitim ve d\u00f6n\u00fc\u015f\u00fcm hareketidir. Her k\u0131z \u00e7ocu\u011funun bilimde bir yeri oldu\u011funa inan\u0131yoruz ve bu inanc\u0131 her g\u00fcn yeniden eyleme d\u00f6k\u00fcyoruz.<\/p>\n\n\n\n<div style=\"height:100px\" aria-hidden=\"true\" class=\"wp-block-spacer\"><\/div>\n<\/div>\n\n\n\n<div class=\"wp-block-column is-layout-flow wp-block-column-is-layout-flow\">\n<h2 class=\"wp-block-heading\">Vizyonumuz<\/h2>\n\n\n\n<hr class=\"wp-block-separator has-alpha-channel-opacity\"\/>\n\n\n\n<p>     <strong>Techtolia Robotics<\/strong> olarak vizyonumuz; gen\u00e7 k\u0131zlar\u0131n bilim, teknoloji, m\u00fchendislik<\/p>\n\n\n\n<p>ve matematik(STEM) alanlar\u0131nda yetkin, yarat\u0131c\u0131 ve topluma y\u00f6n verecek bireyler olarak yeti\u015fmesini sa\u011flamakt\u0131r. Bizler, teknolojinin yaln\u0131zca bir ara\u00e7 de\u011fil, ayn\u0131 zamanda bir de\u011fi\u015fim g\u00fcc\u00fc oldu\u011funa inan\u0131yoruz. Bu do\u011frultuda, sadece robotlar \u00fcretmekle kalmay\u0131p, ayn\u0131 <\/p>\n\n\n\n<p>zamanda sosyal etki yaratan projelere \u00f6nc\u00fcl\u00fck ederek \u00e7evremizi d\u00f6n\u00fc\u015ft\u00fcrmeyi hedefliyoruz.<\/p>\n\n\n\n<p>Gelece\u011fin m\u00fchendisleri, bilim insanlar\u0131 ve liderleri olarak; yaln\u0131zca yar\u0131\u015fmalarda de\u011fil, e\u011fitimde, toplumda ve k\u00fcresel sorunlara yakla\u015f\u0131mda da \u00f6rnek olmay\u0131 ama\u00e7l\u0131yoruz. Kad\u0131nlar\u0131n teknoloji d\u00fcnyas\u0131nda daha g\u00f6r\u00fcn\u00fcr ve g\u00fc\u00e7l\u00fc bir yer edinmesi i\u00e7in rol model olmay\u0131, farkl\u0131l\u0131klara sayg\u0131 duyan, s\u00fcrd\u00fcr\u00fclebilirli\u011fe \u00f6nem veren ve sorumluluk bilinciyle hareket eden bir nesil in\u015fa etmeyi hayal ediyoruz.<\/p>\n\n\n\n<p>Bizim vizyonumuz, yaln\u0131zca bireysel geli\u015fimi de\u011fil, ayn\u0131 zamanda kolektif d\u00f6n\u00fc\u015f\u00fcm\u00fc de kapsar: <strong>Techtolia Robotics<\/strong>, gelece\u011fi yaln\u0131zca izlemeye de\u011fil, in\u015fa etmeye kararl\u0131 gen\u00e7 kad\u0131nlar\u0131n hareketidir.**<\/p>\n<\/div>\n<\/div>\n\n\n\n<h3 class=\"wp-block-heading has-text-align-center\">De\u011ferlerimiz<\/h3>\n\n\n\n<hr class=\"wp-block-separator has-alpha-channel-opacity\"\/>\n\n\n\n<p><strong>1. Kad\u0131n G\u00fcc\u00fc ve E\u015fitlik:<\/strong><br>STEM alanlar\u0131nda kad\u0131nlar\u0131n e\u015fit temsili ve f\u0131rsat e\u015fitli\u011fi sa\u011flamak, tak\u0131m\u0131m\u0131z\u0131n en temel de\u011ferlerinden biridir. <strong>Techtolia Robotics<\/strong>, bu alandaki cinsiyet dengesini sa\u011flamak i\u00e7in g\u00fc\u00e7l\u00fc bir duru\u015f sergiliyor ve k\u0131zlar\u0131 bilim, m\u00fchendislik ve teknoloji alanlar\u0131nda cesaretlendiriyor.<\/p>\n\n\n\n<p><strong>2. \u0130novasyon ve Yarat\u0131c\u0131l\u0131k:<\/strong><br>Yeni fikirler geli\u015ftirme ve farkl\u0131 bak\u0131\u015f a\u00e7\u0131lar\u0131yla sorunlar\u0131 \u00e7\u00f6zme konusunda tak\u0131m\u0131m\u0131z, <strong>yenilik\u00e7i d\u00fc\u015f\u00fcnmeyi<\/strong> ve <strong>yarat\u0131c\u0131 \u00e7\u00f6z\u00fcmler<\/strong> \u00fcretmeyi te\u015fvik eder. Teknolojik geli\u015fmelerin h\u0131zla ilerledi\u011fi bir d\u00fcnyada, biz de <strong>s\u00fcrekli yenilik yaparak<\/strong> ilerlemeyi hedefliyoruz.<\/p>\n\n\n\n<p><strong>3. Toplumsal Sorumluluk:<\/strong><br>Yaratt\u0131\u011f\u0131m\u0131z projelerin yaln\u0131zca yar\u0131\u015fmalarda ba\u015far\u0131 kazanmak i\u00e7in de\u011fil, ayn\u0131 zamanda <strong>topluma fayda sa\u011flamak<\/strong> amac\u0131yla yap\u0131ld\u0131\u011f\u0131n\u0131 d\u00fc\u015f\u00fcn\u00fcyoruz. <strong>E\u011fitim, \u00e7evre bilinci ve s\u00fcrd\u00fcr\u00fclebilirlik<\/strong> gibi konularda topluma katk\u0131 sa\u011flamay\u0131 kendimize g\u00f6rev edindik.<\/p>\n\n\n\n<p><strong>4. Ekip Ruhu ve Birlikte Ba\u015far\u0131:<\/strong> <br><strong>Techtolia Robotics<\/strong>\u2019in en g\u00fc\u00e7l\u00fc y\u00f6nlerinden biri, tak\u0131m i\u00e7indeki dayan\u0131\u015fma ve i\u015f birli\u011fi ruhudur. Her bir tak\u0131m \u00fcyesi, yaln\u0131zca kendi g\u00f6revini yerine getirmekle kalmaz, ayn\u0131 zamanda birbirine destek olarak ortak hedeflere ula\u015fmak i\u00e7in \u00e7aba g\u00f6sterir. <strong>Birlikte \u00e7al\u0131\u015fmak<\/strong> ve <strong>birlikte ba\u015farmak<\/strong>, tak\u0131m\u0131m\u0131z\u0131n temel ilkelerindendir.<\/p>\n\n\n\n<p><\/p>\n\n\n\n<hr class=\"wp-block-separator has-alpha-channel-opacity\"\/>\n\n\n\n<div class=\"wp-block-cover aligncenter has-parallax\" style=\"padding-top:40px;padding-bottom:40px;min-height:294px;aspect-ratio:unset;\"><div class=\"wp-block-cover__image-background wp-image-49 size-large has-parallax\" style=\"background-position:50% 50%;background-image:url(http:\/\/techtoliarobotics.com.tr\/wp-content\/uploads\/2025\/05\/techtolia-robotics-7748-aa-2198159-1-1024x576.jpg)\"><\/div><span aria-hidden=\"true\" class=\"wp-block-cover__background has-background-dim-90 has-background-dim wp-block-cover__gradient-background has-background-gradient\" style=\"background:linear-gradient(90deg,rgb(0,0,0) 0%,rgba(255,255,255,0) 51%,rgb(0,0,0) 100%)\"><\/span><div class=\"wp-block-cover__inner-container has-global-padding is-layout-constrained wp-block-cover-is-layout-constrained\">\n<p class=\"has-text-align-center has-large-font-size\"><\/p>\n<\/div><\/div>\n\n\n\n<hr class=\"wp-block-separator has-alpha-channel-opacity\"\/>\n\n\n\n<p><\/p>\n\n\n\n<p><\/p>\n\n\n\n<h3 class=\"wp-block-heading has-text-align-center\">Ba\u015far\u0131lar\u0131m\u0131z<\/h3>\n\n\n\n<p>Kuruldu\u011fumuz g\u00fcnden bu yana yaln\u0131zca teknik becerilerimizi de\u011fil, ayn\u0131 zamanda ekip ruhumuzu, toplumsal duyarl\u0131l\u0131\u011f\u0131m\u0131z\u0131 ve liderlik yeteneklerimizi de geli\u015ftirerek bir\u00e7ok ulusal ve uluslararas\u0131 ba\u015far\u0131ya imza att\u0131k. \u0130\u015fte y\u0131llara g\u00f6re elde etti\u011fimiz \u00f6nemli ba\u015far\u0131lar:<\/p>\n\n\n\n<hr class=\"wp-block-separator has-alpha-channel-opacity\"\/>\n\n\n\n<h4 class=\"wp-block-heading\">&#x1f539; <strong>2019<\/strong><\/h4>\n\n\n\n<ul class=\"wp-block-list\">\n<li><strong>SBPLI Long Island Regional #1 (ABD, New York)<\/strong><br>\u2022 <em>Imagery Award in honor of Jack Kamen<\/em>: Robot tasar\u0131m\u0131 ve tak\u0131m g\u00f6rselleriyle estetik ba\u015far\u0131.<\/li>\n\n\n\n<li><strong>Teknofest \u0130stanbul<\/strong><br>\u2022 <em>T\u00fcrkiye 3.l\u00fc\u011f\u00fc<\/em>: Ulusal d\u00fczeyde binlerce proje aras\u0131ndan derece.<\/li>\n<\/ul>\n\n\n\n<hr class=\"wp-block-separator has-alpha-channel-opacity\"\/>\n\n\n\n<h4 class=\"wp-block-heading\">&#x1f539; <strong>2023<\/strong><\/h4>\n\n\n\n<ul class=\"wp-block-list\">\n<li><strong>FRC \u0130stanbul Regional<\/strong><br>\u2022 <em>Regional Winner<\/em>: B\u00f6lge \u015fampiyonu olarak FIRST D\u00fcnya \u015eampiyonas\u0131\u2019na kat\u0131l\u0131m hakk\u0131.<br>\u2022 <em>Imagery Award in honor of Jack Kamen<\/em>: Sanat ve m\u00fchendisli\u011fi bir araya getiren robot tasar\u0131m\u0131.<\/li>\n\n\n\n<li><strong>FRC World Championship \u2013 Johnson Division (Houston, ABD)<\/strong><br>\u2022 T\u00fcrkiye\u2019yi d\u00fcnya sahnesinde temsil ettik.<\/li>\n<\/ul>\n\n\n\n<hr class=\"wp-block-separator has-alpha-channel-opacity\"\/>\n\n\n\n<h4 class=\"wp-block-heading\">&#x1f539; <strong>2024<\/strong><\/h4>\n\n\n\n<ul class=\"wp-block-list\">\n<li><strong>\u00dcsk\u00fcdar Regional FTC (\u0130stanbul, T\u00fcrkiye)<\/strong><\/li>\n<\/ul>\n\n\n\n<p>          \u2022 <em>Volunteer of the Year<\/em>: \u00dcyemiz Nurg\u00fcl Dalg\u0131\u00e7o\u011flu, FIRST toplulu\u011funa olan katk\u0131lar\u0131yla takdir edildi.<\/p>\n\n\n\n<ul class=\"wp-block-list\">\n<li><strong>Hudson Valley Regional (New York, ABD)<\/strong><br>\u2022 <em>FIRST Impact Award<\/em>: Topluma etkisi en g\u00fc\u00e7l\u00fc tak\u0131m olarak yar\u0131\u015fman\u0131n en prestijli \u00f6d\u00fcl\u00fc.<\/li>\n\n\n\n<li><strong>FIRST Championship \u2013 Newton Division (Houston, ABD)<\/strong><br>\u2022 <em>Team Spirit Award<\/em>: Tak\u0131m enerjisi, uyumu ve de\u011ferlerine olan ba\u011fl\u0131l\u0131kla \u00f6d\u00fcl kazan\u0131ld\u0131.<\/li>\n<\/ul>\n\n\n\n<hr class=\"wp-block-separator has-alpha-channel-opacity\"\/>\n\n\n\n<h4 class=\"wp-block-heading\">&#x1f539; <strong>2025<\/strong><\/h4>\n\n\n\n<ul class=\"wp-block-list\">\n<li><strong>FRC \u0130stanbul Regional<\/strong><br>\u2022 <em>Woodie Flowers Finalist Award<\/em>: Mentorumuz Ali Kan\u2019\u0131n ilham verici liderli\u011fi \u00f6d\u00fcllendirildi.<\/li>\n\n\n\n<li><strong>FRC Marmara Regional<\/strong><br>\u2022 Yar\u0131\u015fmaya kat\u0131l\u0131m sa\u011fland\u0131, de\u011ferli deneyimler kazan\u0131ld\u0131.<\/li>\n<\/ul>\n\n\n\n<h3 class=\"wp-block-heading\"><\/h3>\n\n\n\n<p><\/p>\n","protected":false},"excerpt":{"rendered":"<p>Hakk\u0131m\u0131zda Techtolia Robotics, 2018 y\u0131l\u0131nda \u0130stanbul Tenzile Erdo\u011fan K\u0131z Anadolu \u0130mam Hatip Lisesi \u00f6\u011frencileri taraf\u0131ndan kurulan, tamamen k\u0131zlardan olu\u015fan bir robotik tak\u0131m\u0131d\u0131r. Tak\u0131m\u0131m\u0131z, teknolojiye olan tutkusuyla bilim, m\u00fchendislik ve matematik alanlar\u0131nda kariyer yapmay\u0131 hedefleyen gen\u00e7 k\u0131zlardan olu\u015fuyor. Biz, sadece robot yapmay\u0131 de\u011fil, ayn\u0131 zamanda bu alanlarda kendimizi geli\u015ftirerek topluma ilham vermeyi ama\u00e7l\u0131yoruz. Misyonumuz Techtolia Robotics\u2019in [&hellip;]<\/p>\n","protected":false},"author":1,"featured_media":65,"parent":0,"menu_order":0,"comment_status":"closed","ping_status":"closed","template":"","meta":{"footnotes":""},"class_list":["post-2","page","type-page","status-publish","has-post-thumbnail","hentry"],"_links":{"self":[{"href":"https:\/\/techtoliarobotics.com.tr\/index.php?rest_route=\/wp\/v2\/pages\/2","targetHints":{"allow":["GET"]}}],"collection":[{"href":"https:\/\/techtoliarobotics.com.tr\/index.php?rest_route=\/wp\/v2\/pages"}],"about":[{"href":"https:\/\/techtoliarobotics.com.tr\/index.php?rest_route=\/wp\/v2\/types\/page"}],"author":[{"embeddable":true,"href":"https:\/\/techtoliarobotics.com.tr\/index.php?rest_route=\/wp\/v2\/users\/1"}],"replies":[{"embeddable":true,"href":"https:\/\/techtoliarobotics.com.tr\/index.php?rest_route=%2Fwp%2Fv2%2Fcomments&post=2"}],"version-history":[{"count":29,"href":"https:\/\/techtoliarobotics.com.tr\/index.php?rest_route=\/wp\/v2\/pages\/2\/revisions"}],"predecessor-version":[{"id":172,"href":"https:\/\/techtoliarobotics.com.tr\/index.php?rest_route=\/wp\/v2\/pages\/2\/revisions\/172"}],"wp:featuredmedia":[{"embeddable":true,"href":"https:\/\/techtoliarobotics.com.tr\/index.php?rest_route=\/wp\/v2\/media\/65"}],"wp:attachment":[{"href":"https:\/\/techtoliarobotics.com.tr\/index.php?rest_route=%2Fwp%2Fv2%2Fmedia&parent=2"}],"curies":[{"name":"wp","href":"https:\/\/api.w.org\/{rel}","templated":true}]}}