{"id":121,"date":"2025-05-10T19:06:39","date_gmt":"2025-05-10T16:06:39","guid":{"rendered":"http:\/\/techtoliarobotics.com.tr\/?page_id=121"},"modified":"2025-05-10T19:06:39","modified_gmt":"2025-05-10T16:06:39","slug":"sponsorlarimiz","status":"publish","type":"page","link":"https:\/\/techtoliarobotics.com.tr\/?page_id=121","title":{"rendered":"Sponsorlar\u0131m\u0131z"},"content":{"rendered":"\n<p><strong>T\u00fcm Sponsorlar\u0131m\u0131za Sezon Boyunca Bizlere Verdikleri Desteklerden Dolay\u0131 Te\u015fekk\u00fcrlerimizi Sunar\u0131z.<\/strong><\/p>\n\n\n\n<hr class=\"wp-block-separator has-alpha-channel-opacity\"\/>\n\n\n\n<h2 class=\"wp-block-heading\">Gold Sponsorlar\u0131m\u0131z<\/h2>\n\n\n\n<div style=\"height:100px\" aria-hidden=\"true\" class=\"wp-block-spacer\"><\/div>\n\n\n\n<div style=\"height:100px\" aria-hidden=\"true\" class=\"wp-block-spacer\"><\/div>\n\n\n\n<hr class=\"wp-block-separator has-alpha-channel-opacity\"\/>\n\n\n\n<h2 class=\"wp-block-heading\">Silver Sponsorlar\u0131m\u0131z<\/h2>\n\n\n\n<div style=\"height:100px\" aria-hidden=\"true\" class=\"wp-block-spacer\"><\/div>\n\n\n\n<div style=\"height:100px\" aria-hidden=\"true\" class=\"wp-block-spacer\"><\/div>\n\n\n\n<hr class=\"wp-block-separator has-alpha-channel-opacity\"\/>\n\n\n\n<h2 class=\"wp-block-heading\">Bronz Sponsorlar\u0131m\u0131z<\/h2>\n\n\n\n<div style=\"height:100px\" aria-hidden=\"true\" class=\"wp-block-spacer\"><\/div>\n\n\n\n<div style=\"height:100px\" aria-hidden=\"true\" class=\"wp-block-spacer\"><\/div>\n\n\n\n<hr class=\"wp-block-separator has-alpha-channel-opacity\"\/>\n\n\n\n<p><\/p>\n","protected":false},"excerpt":{"rendered":"<p>T\u00fcm Sponsorlar\u0131m\u0131za Sezon Boyunca Bizlere Verdikleri Desteklerden Dolay\u0131 Te\u015fekk\u00fcrlerimizi Sunar\u0131z. Gold Sponsorlar\u0131m\u0131z Silver Sponsorlar\u0131m\u0131z Bronz Sponsorlar\u0131m\u0131z<\/p>\n","protected":false},"author":1,"featured_media":0,"parent":0,"menu_order":0,"comment_status":"closed","ping_status":"closed","template":"","meta":{"footnotes":""},"class_list":["post-121","page","type-page","status-publish","hentry"],"_links":{"self":[{"href":"https:\/\/techtoliarobotics.com.tr\/index.php?rest_route=\/wp\/v2\/pages\/121","targetHints":{"allow":["GET"]}}],"collection":[{"href":"https:\/\/techtoliarobotics.com.tr\/index.php?rest_route=\/wp\/v2\/pages"}],"about":[{"href":"https:\/\/techtoliarobotics.com.tr\/index.php?rest_route=\/wp\/v2\/types\/page"}],"author":[{"embeddable":true,"href":"https:\/\/techtoliarobotics.com.tr\/index.php?rest_route=\/wp\/v2\/users\/1"}],"replies":[{"embeddable":true,"href":"https:\/\/techtoliarobotics.com.tr\/index.php?rest_route=%2Fwp%2Fv2%2Fcomments&post=121"}],"version-history":[{"count":1,"href":"https:\/\/techtoliarobotics.com.tr\/index.php?rest_route=\/wp\/v2\/pages\/121\/revisions"}],"predecessor-version":[{"id":122,"href":"https:\/\/techtoliarobotics.com.tr\/index.php?rest_route=\/wp\/v2\/pages\/121\/revisions\/122"}],"wp:attachment":[{"href":"https:\/\/techtoliarobotics.com.tr\/index.php?rest_route=%2Fwp%2Fv2%2Fmedia&parent=121"}],"curies":[{"name":"wp","href":"https:\/\/api.w.org\/{rel}","templated":true}]}}